{"id":229,"date":"2025-10-26T11:04:25","date_gmt":"2025-10-26T11:04:25","guid":{"rendered":"http:\/\/lequartete.be\/?page_id=229"},"modified":"2026-02-17T17:08:30","modified_gmt":"2026-02-17T17:08:30","slug":"le-collectif","status":"publish","type":"page","link":"https:\/\/lequartete.be\/index.php\/le-collectif\/","title":{"rendered":"Le collectif"},"content":{"rendered":"\t\t<div data-elementor-type=\"wp-page\" data-elementor-id=\"229\" class=\"elementor elementor-229\">\n\t\t\t\t<div class=\"elementor-element elementor-element-6f0f78f e-flex e-con-boxed e-con e-parent\" data-id=\"6f0f78f\" data-element_type=\"container\" data-e-type=\"container\">\n\t\t\t\t\t<div class=\"e-con-inner\">\n\t\t<div class=\"elementor-element elementor-element-19bd9e2 e-con-full e-flex e-con e-child\" data-id=\"19bd9e2\" data-element_type=\"container\" data-e-type=\"container\">\n\t\t\t\t<div class=\"elementor-element elementor-element-1799be1 elementor-widget elementor-widget-heading\" data-id=\"1799be1\" data-element_type=\"widget\" data-e-type=\"widget\" data-widget_type=\"heading.default\">\n\t\t\t\t\t<h2 class=\"elementor-heading-title elementor-size-default\">Le collectif<\/h2>\t\t\t\t<\/div>\n\t\t\t\t<div class=\"elementor-element elementor-element-31d605c elementor-widget elementor-widget-text-editor\" data-id=\"31d605c\" data-element_type=\"widget\" data-e-type=\"widget\" data-widget_type=\"text-editor.default\">\n\t\t\t\t\t\t\t\t\t<p><span style=\"color: #ffffff;\">Le Quart\u00eate est un collectif qui rassemble quatre artistes issu\u00b7e\u00b7s du Conservatoire Royal de Li\u00e8ge (ESACT) autour de cr\u00e9ations horizontales et collectives. Leur int\u00e9r\u00eat commun pour la marionnette et la magie qui s\u2019en d\u00e9gage les a r\u00e9uni\u00b7e\u00b7s pour cr\u00e9er leur premier spectacle, L\u00e9on. Iels ont le d\u00e9sir de cr\u00e9er un th\u00e9\u00e2tre sensible et d\u00e9cal\u00e9, en s\u2019appuyant sur leur univers sonore et esth\u00e9tique singulier.<\/span><\/p>\t\t\t\t\t\t\t\t<\/div>\n\t\t\t\t<\/div>\n\t\t<div class=\"elementor-element elementor-element-2fb6e64 e-con-full e-flex e-con e-child\" data-id=\"2fb6e64\" data-element_type=\"container\" data-e-type=\"container\">\n\t\t\t\t<div class=\"elementor-element elementor-element-cc904f8 elementor-widget elementor-widget-image\" data-id=\"cc904f8\" data-element_type=\"widget\" data-e-type=\"widget\" data-widget_type=\"image.default\">\n\t\t\t\t\t\t\t\t\t\t\t\t\t\t\t<img fetchpriority=\"high\" decoding=\"async\" width=\"1024\" height=\"683\" src=\"https:\/\/lequartete.be\/wp-content\/uploads\/2025\/10\/Leon-HD-152-1024x683.jpg\" class=\"attachment-large size-large wp-image-244\" alt=\"\" srcset=\"https:\/\/lequartete.be\/wp-content\/uploads\/2025\/10\/Leon-HD-152-1024x683.jpg 1024w, https:\/\/lequartete.be\/wp-content\/uploads\/2025\/10\/Leon-HD-152-300x200.jpg 300w, https:\/\/lequartete.be\/wp-content\/uploads\/2025\/10\/Leon-HD-152-768x512.jpg 768w, https:\/\/lequartete.be\/wp-content\/uploads\/2025\/10\/Leon-HD-152-1536x1024.jpg 1536w, https:\/\/lequartete.be\/wp-content\/uploads\/2025\/10\/Leon-HD-152-2048x1365.jpg 2048w\" sizes=\"(max-width: 1024px) 100vw, 1024px\" \/>\t\t\t\t\t\t\t\t\t\t\t\t\t\t\t<\/div>\n\t\t\t\t<\/div>\n\t\t\t\t\t<\/div>\n\t\t\t\t<\/div>\n\t\t\t\t<\/div>\n\t\t","protected":false},"excerpt":{"rendered":"<p>Le collectif Le Quart\u00eate est un collectif qui rassemble quatre artistes issu\u00b7e\u00b7s du Conservatoire Royal de Li\u00e8ge (ESACT) autour de [&hellip;]<\/p>\n","protected":false},"author":1,"featured_media":0,"parent":0,"menu_order":0,"comment_status":"closed","ping_status":"closed","template":"","meta":{"site-sidebar-layout":"no-sidebar","site-content-layout":"","ast-site-content-layout":"full-width-container","site-content-style":"default","site-sidebar-style":"default","ast-global-header-display":"","ast-banner-title-visibility":"","ast-main-header-display":"","ast-hfb-above-header-display":"","ast-hfb-below-header-display":"","ast-hfb-mobile-header-display":"","site-post-title":"disabled","ast-breadcrumbs-content":"","ast-featured-img":"disabled","footer-sml-layout":"","ast-disable-related-posts":"","theme-transparent-header-meta":"","adv-header-id-meta":"","stick-header-meta":"","header-above-stick-meta":"","header-main-stick-meta":"","header-below-stick-meta":"","astra-migrate-meta-layouts":"default","ast-page-background-enabled":"default","ast-page-background-meta":{"desktop":{"background-color":"var(--ast-global-color-5)","background-image":"","background-repeat":"repeat","background-position":"center center","background-size":"auto","background-attachment":"scroll","background-type":"","background-media":"","overlay-type":"","overlay-color":"","overlay-opacity":"","overlay-gradient":""},"tablet":{"background-color":"","background-image":"","background-repeat":"repeat","background-position":"center center","background-size":"auto","background-attachment":"scroll","background-type":"","background-media":"","overlay-type":"","overlay-color":"","overlay-opacity":"","overlay-gradient":""},"mobile":{"background-color":"","background-image":"","background-repeat":"repeat","background-position":"center center","background-size":"auto","background-attachment":"scroll","background-type":"","background-media":"","overlay-type":"","overlay-color":"","overlay-opacity":"","overlay-gradient":""}},"ast-content-background-meta":{"desktop":{"background-color":"var(--ast-global-color-4)","background-image":"","background-repeat":"repeat","background-position":"center center","background-size":"auto","background-attachment":"scroll","background-type":"","background-media":"","overlay-type":"","overlay-color":"","overlay-opacity":"","overlay-gradient":""},"tablet":{"background-color":"var(--ast-global-color-4)","background-image":"","background-repeat":"repeat","background-position":"center center","background-size":"auto","background-attachment":"scroll","background-type":"","background-media":"","overlay-type":"","overlay-color":"","overlay-opacity":"","overlay-gradient":""},"mobile":{"background-color":"var(--ast-global-color-4)","background-image":"","background-repeat":"repeat","background-position":"center center","background-size":"auto","background-attachment":"scroll","background-type":"","background-media":"","overlay-type":"","overlay-color":"","overlay-opacity":"","overlay-gradient":""}},"footnotes":""},"class_list":["post-229","page","type-page","status-publish","hentry"],"_links":{"self":[{"href":"https:\/\/lequartete.be\/index.php\/wp-json\/wp\/v2\/pages\/229","targetHints":{"allow":["GET"]}}],"collection":[{"href":"https:\/\/lequartete.be\/index.php\/wp-json\/wp\/v2\/pages"}],"about":[{"href":"https:\/\/lequartete.be\/index.php\/wp-json\/wp\/v2\/types\/page"}],"author":[{"embeddable":true,"href":"https:\/\/lequartete.be\/index.php\/wp-json\/wp\/v2\/users\/1"}],"replies":[{"embeddable":true,"href":"https:\/\/lequartete.be\/index.php\/wp-json\/wp\/v2\/comments?post=229"}],"version-history":[{"count":10,"href":"https:\/\/lequartete.be\/index.php\/wp-json\/wp\/v2\/pages\/229\/revisions"}],"predecessor-version":[{"id":480,"href":"https:\/\/lequartete.be\/index.php\/wp-json\/wp\/v2\/pages\/229\/revisions\/480"}],"wp:attachment":[{"href":"https:\/\/lequartete.be\/index.php\/wp-json\/wp\/v2\/media?parent=229"}],"curies":[{"name":"wp","href":"https:\/\/api.w.org\/{rel}","templated":true}]}}